{"id":96,"date":"2019-06-03T17:49:59","date_gmt":"2019-06-03T17:49:59","guid":{"rendered":"http:\/\/vvis-berlin.de\/?page_id=96"},"modified":"2025-02-03T19:06:13","modified_gmt":"2025-02-03T19:06:13","slug":"impressum","status":"publish","type":"page","link":"https:\/\/vvis-berlin.de\/?page_id=96","title":{"rendered":"Impressum"},"content":{"rendered":"\t\t<div data-elementor-type=\"wp-post\" data-elementor-id=\"96\" class=\"elementor elementor-96\">\n\t\t\t\t\t\t<section class=\"elementor-section elementor-top-section elementor-element elementor-element-d896d1a elementor-section-boxed elementor-section-height-default elementor-section-height-default\" data-id=\"d896d1a\" data-element_type=\"section\">\n\t\t\t\t\t\t<div class=\"elementor-container elementor-column-gap-default\">\n\t\t\t\t\t<div class=\"elementor-column elementor-col-100 elementor-top-column elementor-element elementor-element-735b466\" data-id=\"735b466\" data-element_type=\"column\">\n\t\t\t<div class=\"elementor-widget-wrap elementor-element-populated\">\n\t\t\t\t\t\t<div class=\"elementor-element elementor-element-9ad17ea elementor-widget elementor-widget-text-editor\" data-id=\"9ad17ea\" data-element_type=\"widget\" data-widget_type=\"text-editor.default\">\n\t\t\t\t<div class=\"elementor-widget-container\">\n\t\t\t\t\t\t\t\t\t<h2 style=\"color: #575352; font-size: 16px; font-family: Arial, Helvetica, sans-serif;\">Impressum<\/h2><p style=\"padding-bottom: 10px; border-bottom-width: 1px; border-bottom-style: dotted; border-bottom-color: #dddddd; caret-color: #666666; color: #666666; font-family: Tahoma, Arial, Helvetica, sans-serif; font-size: 11px;\">Informationen \u00fcber die Firmenidentit\u00e4t gem\u00e4\u00df \u00a75 Telemediengesetz<\/p><p>VviS -Berlin<br style=\"caret-color: #666666; color: #666666; font-family: Tahoma, Arial, Helvetica, sans-serif; font-size: 11px;\" \/><span style=\"caret-color: #666666; color: #666666; font-family: Tahoma, Arial, Helvetica, sans-serif; font-size: 11px;\">Stieglitzweg 8<\/span><br style=\"caret-color: #666666; color: #666666; font-family: Tahoma, Arial, Helvetica, sans-serif; font-size: 11px;\" \/><span style=\"caret-color: #666666; color: #666666; font-family: Tahoma, Arial, Helvetica, sans-serif; font-size: 11px;\">12351 Berlin<\/span><br style=\"caret-color: #666666; color: #666666; font-family: Tahoma, Arial, Helvetica, sans-serif; font-size: 11px;\" \/><br style=\"caret-color: #666666; color: #666666; font-family: Tahoma, Arial, Helvetica, sans-serif; font-size: 11px;\" \/><span style=\"caret-color: #666666; color: #666666; font-family: Tahoma, Arial, Helvetica, sans-serif; font-size: 11px;\">Tel: 030-39888712<\/span><br style=\"caret-color: #666666; color: #666666; font-family: Tahoma, Arial, Helvetica, sans-serif; font-size: 11px;\" \/><span style=\"caret-color: #666666; color: #666666; font-family: Tahoma, Arial, Helvetica, sans-serif; font-size: 11px;\">E-Mail: Rainer.Isleb@VviS-Berlin.de<\/span><br style=\"caret-color: #666666; color: #666666; font-family: Tahoma, Arial, Helvetica, sans-serif; font-size: 11px;\" \/><br style=\"caret-color: #666666; color: #666666; font-family: Tahoma, Arial, Helvetica, sans-serif; font-size: 11px;\" \/><span style=\"caret-color: #666666; color: #666666; font-family: Tahoma, Arial, Helvetica, sans-serif; font-size: 11px;\">Rainer Isleb<\/span><br style=\"caret-color: #666666; color: #666666; font-family: Tahoma, Arial, Helvetica, sans-serif; font-size: 11px;\" \/><br style=\"caret-color: #666666; color: #666666; font-family: Tahoma, Arial, Helvetica, sans-serif; font-size: 11px;\" \/><span style=\"caret-color: #666666; color: #666666; font-family: Tahoma, Arial, Helvetica, sans-serif; font-size: 11px;\">StID: 036\/360\/00987<\/span><br style=\"caret-color: #666666; color: #666666; font-family: Tahoma, Arial, Helvetica, sans-serif; font-size: 11px;\" \/><br style=\"caret-color: #666666; color: #666666; font-family: Tahoma, Arial, Helvetica, sans-serif; font-size: 11px;\" \/><span style=\"caret-color: #666666; color: #666666; font-family: Tahoma, Arial, Helvetica, sans-serif; font-size: 11px;\">Erlaubnis nach \u00a734c GewO; Aufsichtsbeh\u00f6rde:<\/span><br style=\"caret-color: #666666; color: #666666; font-family: Tahoma, Arial, Helvetica, sans-serif; font-size: 11px;\" \/><span style=\"caret-color: #666666; color: #666666; font-family: Tahoma, Arial, Helvetica, sans-serif; font-size: 11px;\">Landeshauptstadt Berlin<\/span><br style=\"caret-color: #666666; color: #666666; font-family: Tahoma, Arial, Helvetica, sans-serif; font-size: 11px;\" \/><span style=\"caret-color: #666666; color: #666666; font-family: Tahoma, Arial, Helvetica, sans-serif; font-size: 11px;\">&#8211; Ordnungsamt, &#8211; Gewerbeabteilung<\/span><br style=\"caret-color: #666666; color: #666666; font-family: Tahoma, Arial, Helvetica, sans-serif; font-size: 11px;\" \/><span style=\"caret-color: #666666; color: #666666; font-family: Tahoma, Arial, Helvetica, sans-serif; font-size: 11px;\">Fr\u00f6belstrasse 17<\/span><br style=\"caret-color: #666666; color: #666666; font-family: Tahoma, Arial, Helvetica, sans-serif; font-size: 11px;\" \/><span style=\"caret-color: #666666; color: #666666; font-family: Tahoma, Arial, Helvetica, sans-serif; font-size: 11px;\">10405 Berlin<\/span><br style=\"caret-color: #666666; color: #666666; font-family: Tahoma, Arial, Helvetica, sans-serif; font-size: 11px;\" \/><br style=\"caret-color: #666666; color: #666666; font-family: Tahoma, Arial, Helvetica, sans-serif; font-size: 11px;\" \/><span style=\"caret-color: #666666; color: #666666; font-family: Tahoma, Arial, Helvetica, sans-serif; font-size: 11px;\">VviS -Berlin ist als Vermittler von Versicherungsvertr\u00e4gen als Makler ( Versicherungsvertreter mit Erlaubnis nach \u00a734d Abs.1 GewO) gem\u00e4\u00df \u00a759 Abs. 2VVG i. V. m. \u00a7\u00a784 ff., 92 HGB t\u00e4tig.<\/span><br style=\"caret-color: #666666; color: #666666; font-family: Tahoma, Arial, Helvetica, sans-serif; font-size: 11px;\" \/><br style=\"caret-color: #666666; color: #666666; font-family: Tahoma, Arial, Helvetica, sans-serif; font-size: 11px;\" \/><span style=\"caret-color: #666666; color: #666666; font-family: Tahoma, Arial, Helvetica, sans-serif; font-size: 11px;\">Erlaubnis nach \u00a734 GewO; Aufsichtsbeh\u00f6rde:<\/span><br style=\"caret-color: #666666; color: #666666; font-family: Tahoma, Arial, Helvetica, sans-serif; font-size: 11px;\" \/><span style=\"caret-color: #666666; color: #666666; font-family: Tahoma, Arial, Helvetica, sans-serif; font-size: 11px;\">Deutscher Industrie- und Handelskammertag (DIHK) e.V.\u00a0<\/span><br style=\"caret-color: #666666; color: #666666; font-family: Tahoma, Arial, Helvetica, sans-serif; font-size: 11px;\" \/><span style=\"caret-color: #666666; color: #666666; font-family: Tahoma, Arial, Helvetica, sans-serif; font-size: 11px;\">Breite Stra\u00dfe 29\u00a0<\/span><br style=\"caret-color: #666666; color: #666666; font-family: Tahoma, Arial, Helvetica, sans-serif; font-size: 11px;\" \/><span style=\"caret-color: #666666; color: #666666; font-family: Tahoma, Arial, Helvetica, sans-serif; font-size: 11px;\">10178 Berlin\u00a0\u00a0<\/span><br style=\"caret-color: #666666; color: #666666; font-family: Tahoma, Arial, Helvetica, sans-serif; font-size: 11px;\" \/><span style=\"caret-color: #666666; color: #666666; font-family: Tahoma, Arial, Helvetica, sans-serif; font-size: 11px;\">Telefon: 0180 6 00 58 50\u00a0\u00a0<\/span><br style=\"caret-color: #666666; color: #666666; font-family: Tahoma, Arial, Helvetica, sans-serif; font-size: 11px;\" \/><span style=\"caret-color: #666666; color: #666666; font-family: Tahoma, Arial, Helvetica, sans-serif; font-size: 11px;\">(Festnetzpreis 0,20 \u20ac\/ Anruf; Mobilfunkpreise maximal 0,60 \u20ac\/ Anruf)\u00a0<\/span><br style=\"caret-color: #666666; color: #666666; font-family: Tahoma, Arial, Helvetica, sans-serif; font-size: 11px;\" \/><a style=\"color: #6495ed; font-family: Tahoma, Arial, Helvetica, sans-serif; font-size: 11px;\" href=\"http:\/\/www.vermittlerregister.info\/\">http:\/\/www.vermittlerregister.info<\/a><br style=\"caret-color: #666666; color: #666666; font-family: Tahoma, Arial, Helvetica, sans-serif; font-size: 11px;\" \/><br style=\"caret-color: #666666; color: #666666; font-family: Tahoma, Arial, Helvetica, sans-serif; font-size: 11px;\" \/><span style=\"caret-color: #666666; color: #666666; font-family: Tahoma, Arial, Helvetica, sans-serif; font-size: 11px;\">Ombudsmann f\u00fcr Versicherungen:<\/span><br style=\"caret-color: #666666; color: #666666; font-family: Tahoma, Arial, Helvetica, sans-serif; font-size: 11px;\" \/><span style=\"caret-color: #666666; color: #666666; font-family: Tahoma, Arial, Helvetica, sans-serif; font-size: 11px;\">Professor Dr. G\u00fcnter Hirsch<\/span><br style=\"caret-color: #666666; color: #666666; font-family: Tahoma, Arial, Helvetica, sans-serif; font-size: 11px;\" \/><span style=\"caret-color: #666666; color: #666666; font-family: Tahoma, Arial, Helvetica, sans-serif; font-size: 11px;\">Versicherungsombudsmann e. V.<\/span><br style=\"caret-color: #666666; color: #666666; font-family: Tahoma, Arial, Helvetica, sans-serif; font-size: 11px;\" \/><span style=\"caret-color: #666666; color: #666666; font-family: Tahoma, Arial, Helvetica, sans-serif; font-size: 11px;\">Postfach 08 06 32<\/span><br style=\"caret-color: #666666; color: #666666; font-family: Tahoma, Arial, Helvetica, sans-serif; font-size: 11px;\" \/><span style=\"caret-color: #666666; color: #666666; font-family: Tahoma, Arial, Helvetica, sans-serif; font-size: 11px;\">10006 Berlin<\/span><\/p>\t\t\t\t\t\t\t\t<\/div>\n\t\t\t\t<\/div>\n\t\t\t\t\t<\/div>\n\t\t<\/div>\n\t\t\t\t\t<\/div>\n\t\t<\/section>\n\t\t\t\t<section class=\"elementor-section elementor-top-section elementor-element elementor-element-300da42 elementor-section-boxed elementor-section-height-default elementor-section-height-default\" data-id=\"300da42\" data-element_type=\"section\">\n\t\t\t\t\t\t<div class=\"elementor-container elementor-column-gap-default\">\n\t\t\t\t\t<div class=\"elementor-column elementor-col-25 elementor-top-column elementor-element elementor-element-f047e9a\" data-id=\"f047e9a\" data-element_type=\"column\">\n\t\t\t<div class=\"elementor-widget-wrap\">\n\t\t\t\t\t\t\t<\/div>\n\t\t<\/div>\n\t\t\t\t<div class=\"elementor-column elementor-col-25 elementor-top-column elementor-element elementor-element-d360dc2\" data-id=\"d360dc2\" data-element_type=\"column\">\n\t\t\t<div class=\"elementor-widget-wrap\">\n\t\t\t\t\t\t\t<\/div>\n\t\t<\/div>\n\t\t\t\t<div class=\"elementor-column elementor-col-25 elementor-top-column elementor-element elementor-element-9384e8d\" data-id=\"9384e8d\" data-element_type=\"column\">\n\t\t\t<div class=\"elementor-widget-wrap\">\n\t\t\t\t\t\t\t<\/div>\n\t\t<\/div>\n\t\t\t\t<div class=\"elementor-column elementor-col-25 elementor-top-column elementor-element elementor-element-ee414d7\" data-id=\"ee414d7\" data-element_type=\"column\">\n\t\t\t<div class=\"elementor-widget-wrap\">\n\t\t\t\t\t\t\t<\/div>\n\t\t<\/div>\n\t\t\t\t\t<\/div>\n\t\t<\/section>\n\t\t\t\t<\/div>\n\t\t","protected":false},"excerpt":{"rendered":"<p>Impressum Informationen \u00fcber die Firmenidentit\u00e4t gem\u00e4\u00df \u00a75 Telemediengesetz VviS -BerlinStieglitzweg 812351 BerlinTel: 030-39888712E-Mail: Rainer.Isleb@VviS-Berlin.deRainer IslebStID: 036\/360\/00987Erlaubnis nach \u00a734c GewO; Aufsichtsbeh\u00f6rde:Landeshauptstadt Berlin&#8211; Ordnungsamt, &#8211; GewerbeabteilungFr\u00f6belstrasse 1710405 BerlinVviS -Berlin ist als Vermittler von Versicherungsvertr\u00e4gen als Makler ( Versicherungsvertreter mit Erlaubnis nach \u00a734d Abs.1 GewO) gem\u00e4\u00df \u00a759 Abs. 2VVG i. V. m. \u00a7\u00a784 ff., 92 HGB t\u00e4tig.Erlaubnis nach [&hellip;]<\/p>\n","protected":false},"author":1,"featured_media":0,"parent":0,"menu_order":0,"comment_status":"closed","ping_status":"closed","template":"","meta":{"footnotes":""},"class_list":["post-96","page","type-page","status-publish","hentry"],"_links":{"self":[{"href":"https:\/\/vvis-berlin.de\/index.php?rest_route=\/wp\/v2\/pages\/96","targetHints":{"allow":["GET"]}}],"collection":[{"href":"https:\/\/vvis-berlin.de\/index.php?rest_route=\/wp\/v2\/pages"}],"about":[{"href":"https:\/\/vvis-berlin.de\/index.php?rest_route=\/wp\/v2\/types\/page"}],"author":[{"embeddable":true,"href":"https:\/\/vvis-berlin.de\/index.php?rest_route=\/wp\/v2\/users\/1"}],"replies":[{"embeddable":true,"href":"https:\/\/vvis-berlin.de\/index.php?rest_route=%2Fwp%2Fv2%2Fcomments&post=96"}],"version-history":[{"count":18,"href":"https:\/\/vvis-berlin.de\/index.php?rest_route=\/wp\/v2\/pages\/96\/revisions"}],"predecessor-version":[{"id":292,"href":"https:\/\/vvis-berlin.de\/index.php?rest_route=\/wp\/v2\/pages\/96\/revisions\/292"}],"wp:attachment":[{"href":"https:\/\/vvis-berlin.de\/index.php?rest_route=%2Fwp%2Fv2%2Fmedia&parent=96"}],"curies":[{"name":"wp","href":"https:\/\/api.w.org\/{rel}","templated":true}]}}