{"id":30,"date":"2019-06-03T10:09:35","date_gmt":"2019-06-03T10:09:35","guid":{"rendered":"http:\/\/vvis-berlin.de\/?page_id=30"},"modified":"2019-11-17T09:54:16","modified_gmt":"2019-11-17T09:54:16","slug":"baustelle","status":"publish","type":"page","link":"https:\/\/vvis-berlin.de\/","title":{"rendered":""},"content":{"rendered":"\t\t<div data-elementor-type=\"wp-post\" data-elementor-id=\"30\" class=\"elementor elementor-30\">\n\t\t\t\t\t\t<section class=\"elementor-section elementor-top-section elementor-element elementor-element-d4fc82e elementor-section-boxed elementor-section-height-default elementor-section-height-default\" data-id=\"d4fc82e\" data-element_type=\"section\">\n\t\t\t\t\t\t<div class=\"elementor-container elementor-column-gap-default\">\n\t\t\t\t\t<div class=\"elementor-column elementor-col-100 elementor-top-column elementor-element elementor-element-8323c7a\" data-id=\"8323c7a\" data-element_type=\"column\">\n\t\t\t<div class=\"elementor-widget-wrap elementor-element-populated\">\n\t\t\t\t\t\t<div class=\"elementor-element elementor-element-2249e1e elementor-widget elementor-widget-heading\" data-id=\"2249e1e\" data-element_type=\"widget\" data-widget_type=\"heading.default\">\n\t\t\t\t<div class=\"elementor-widget-container\">\n\t\t\t\t\t<h2 class=\"elementor-heading-title elementor-size-default\">Herzlich Willkommen...<\/h2>\t\t\t\t<\/div>\n\t\t\t\t<\/div>\n\t\t\t\t\t<\/div>\n\t\t<\/div>\n\t\t\t\t\t<\/div>\n\t\t<\/section>\n\t\t\t\t<section class=\"elementor-section elementor-top-section elementor-element elementor-element-acc2866 elementor-section-boxed elementor-section-height-default elementor-section-height-default\" data-id=\"acc2866\" data-element_type=\"section\">\n\t\t\t\t\t\t<div class=\"elementor-container elementor-column-gap-default\">\n\t\t\t\t\t<div class=\"elementor-column elementor-col-33 elementor-top-column elementor-element elementor-element-bf130f8\" data-id=\"bf130f8\" data-element_type=\"column\">\n\t\t\t<div class=\"elementor-widget-wrap elementor-element-populated\">\n\t\t\t\t\t\t<div class=\"elementor-element elementor-element-5cc648d elementor-widget elementor-widget-image\" data-id=\"5cc648d\" data-element_type=\"widget\" data-widget_type=\"image.default\">\n\t\t\t\t<div class=\"elementor-widget-container\">\n\t\t\t\t\t\t\t\t\t\t\t\t<figure class=\"wp-caption\">\n\t\t\t\t\t\t\t\t\t\t<img fetchpriority=\"high\" decoding=\"async\" width=\"640\" height=\"640\" src=\"https:\/\/vvis-berlin.de\/wp-content\/uploads\/2019\/11\/Rainer.jpg\" class=\"attachment-large size-large wp-image-243\" alt=\"\" srcset=\"https:\/\/vvis-berlin.de\/wp-content\/uploads\/2019\/11\/Rainer.jpg 640w, https:\/\/vvis-berlin.de\/wp-content\/uploads\/2019\/11\/Rainer-150x150.jpg 150w, https:\/\/vvis-berlin.de\/wp-content\/uploads\/2019\/11\/Rainer-300x300.jpg 300w\" sizes=\"(max-width: 640px) 100vw, 640px\" \/>\t\t\t\t\t\t\t\t\t\t\t<figcaption class=\"widget-image-caption wp-caption-text\">Rainer Isleb<\/figcaption>\n\t\t\t\t\t\t\t\t\t\t<\/figure>\n\t\t\t\t\t\t\t\t\t<\/div>\n\t\t\t\t<\/div>\n\t\t\t\t\t<\/div>\n\t\t<\/div>\n\t\t\t\t<div class=\"elementor-column elementor-col-66 elementor-top-column elementor-element elementor-element-ffd09f0\" data-id=\"ffd09f0\" data-element_type=\"column\">\n\t\t\t<div class=\"elementor-widget-wrap elementor-element-populated\">\n\t\t\t\t\t\t<div class=\"elementor-element elementor-element-755cc25 elementor-widget elementor-widget-text-editor\" data-id=\"755cc25\" data-element_type=\"widget\" data-widget_type=\"text-editor.default\">\n\t\t\t\t<div class=\"elementor-widget-container\">\n\t\t\t\t\t\t\t\t\t<p>&#8230; bei Ihrem Versicherungsmakler Rainer Isleb, VviS Finanzdienstleistungen.<\/p><p>Meine Kompetenz ist Ihr gr\u00f6\u00dftes Kapital.<\/p><p>In einem pers\u00f6nlichen Gespr\u00e4ch erkl\u00e4re ich Ihnen meine klassischen Dienstleistungen f\u00fcr Ihre privaten und betrieblichen W\u00fcnsche und Ziele. Meine Betreuung entlastet Sie weitgehend von zeitraubenden Abwicklungs- und Verwaltungsarbeiten.<\/p><p>So wird unsere Zusammenarbeit ein echter Mehrwert und f\u00fcr Sie wie bares Geld.<\/p><p>Lassen Sie uns \u201eZukunft\u201c gemeinsam gestalten!<\/p>\t\t\t\t\t\t\t\t<\/div>\n\t\t\t\t<\/div>\n\t\t\t\t\t<\/div>\n\t\t<\/div>\n\t\t\t\t\t<\/div>\n\t\t<\/section>\n\t\t\t\t<\/div>\n\t\t","protected":false},"excerpt":{"rendered":"<p>Herzlich Willkommen&#8230; Rainer Isleb &#8230; bei Ihrem Versicherungsmakler Rainer Isleb, VviS Finanzdienstleistungen. Meine Kompetenz ist Ihr gr\u00f6\u00dftes Kapital. In einem pers\u00f6nlichen Gespr\u00e4ch erkl\u00e4re ich Ihnen meine klassischen Dienstleistungen f\u00fcr Ihre privaten und betrieblichen W\u00fcnsche und Ziele. Meine Betreuung entlastet Sie weitgehend von zeitraubenden Abwicklungs- und Verwaltungsarbeiten. So wird unsere Zusammenarbeit ein echter Mehrwert und f\u00fcr [&hellip;]<\/p>\n","protected":false},"author":1,"featured_media":0,"parent":0,"menu_order":0,"comment_status":"closed","ping_status":"closed","template":"","meta":{"footnotes":""},"class_list":["post-30","page","type-page","status-publish","hentry"],"_links":{"self":[{"href":"https:\/\/vvis-berlin.de\/index.php?rest_route=\/wp\/v2\/pages\/30","targetHints":{"allow":["GET"]}}],"collection":[{"href":"https:\/\/vvis-berlin.de\/index.php?rest_route=\/wp\/v2\/pages"}],"about":[{"href":"https:\/\/vvis-berlin.de\/index.php?rest_route=\/wp\/v2\/types\/page"}],"author":[{"embeddable":true,"href":"https:\/\/vvis-berlin.de\/index.php?rest_route=\/wp\/v2\/users\/1"}],"replies":[{"embeddable":true,"href":"https:\/\/vvis-berlin.de\/index.php?rest_route=%2Fwp%2Fv2%2Fcomments&post=30"}],"version-history":[{"count":24,"href":"https:\/\/vvis-berlin.de\/index.php?rest_route=\/wp\/v2\/pages\/30\/revisions"}],"predecessor-version":[{"id":247,"href":"https:\/\/vvis-berlin.de\/index.php?rest_route=\/wp\/v2\/pages\/30\/revisions\/247"}],"wp:attachment":[{"href":"https:\/\/vvis-berlin.de\/index.php?rest_route=%2Fwp%2Fv2%2Fmedia&parent=30"}],"curies":[{"name":"wp","href":"https:\/\/api.w.org\/{rel}","templated":true}]}}