{"id":148,"date":"2019-07-11T08:50:31","date_gmt":"2019-07-11T08:50:31","guid":{"rendered":"http:\/\/vvis-berlin.de\/?page_id=148"},"modified":"2019-07-24T14:50:58","modified_gmt":"2019-07-24T14:50:58","slug":"service","status":"publish","type":"page","link":"https:\/\/vvis-berlin.de\/?page_id=148","title":{"rendered":"Service"},"content":{"rendered":"\t\t<div data-elementor-type=\"wp-post\" data-elementor-id=\"148\" class=\"elementor elementor-148\">\n\t\t\t\t\t\t<section class=\"elementor-section elementor-top-section elementor-element elementor-element-4434817 elementor-section-boxed elementor-section-height-default elementor-section-height-default\" data-id=\"4434817\" data-element_type=\"section\">\n\t\t\t\t\t\t<div class=\"elementor-container elementor-column-gap-default\">\n\t\t\t\t\t<div class=\"elementor-column elementor-col-100 elementor-top-column elementor-element elementor-element-3fd5a81\" data-id=\"3fd5a81\" data-element_type=\"column\">\n\t\t\t<div class=\"elementor-widget-wrap elementor-element-populated\">\n\t\t\t\t\t\t<div class=\"elementor-element elementor-element-5e0b591 elementor-widget elementor-widget-heading\" data-id=\"5e0b591\" data-element_type=\"widget\" data-widget_type=\"heading.default\">\n\t\t\t\t<div class=\"elementor-widget-container\">\n\t\t\t\t\t<h2 class=\"elementor-heading-title elementor-size-default\">Service<\/h2>\t\t\t\t<\/div>\n\t\t\t\t<\/div>\n\t\t\t\t\t<\/div>\n\t\t<\/div>\n\t\t\t\t\t<\/div>\n\t\t<\/section>\n\t\t\t\t<section class=\"elementor-section elementor-top-section elementor-element elementor-element-8b04088 elementor-section-boxed elementor-section-height-default elementor-section-height-default\" data-id=\"8b04088\" data-element_type=\"section\">\n\t\t\t\t\t\t<div class=\"elementor-container elementor-column-gap-default\">\n\t\t\t\t\t<div class=\"elementor-column elementor-col-25 elementor-top-column elementor-element elementor-element-77eabd2\" data-id=\"77eabd2\" data-element_type=\"column\">\n\t\t\t<div class=\"elementor-widget-wrap\">\n\t\t\t\t\t\t\t<\/div>\n\t\t<\/div>\n\t\t\t\t<div class=\"elementor-column elementor-col-50 elementor-top-column elementor-element elementor-element-e4cf4ec\" data-id=\"e4cf4ec\" data-element_type=\"column\">\n\t\t\t<div class=\"elementor-widget-wrap elementor-element-populated\">\n\t\t\t\t\t\t<div class=\"elementor-element elementor-element-b447d02 elementor-widget elementor-widget-text-editor\" data-id=\"b447d02\" data-element_type=\"widget\" data-widget_type=\"text-editor.default\">\n\t\t\t\t<div class=\"elementor-widget-container\">\n\t\t\t\t\t\t\t\t\t<p>Sie wollen eine gute Betreuung, vielleicht auch die Beste?<\/p><p>Ich bin bereit mein Bestes zu geben und stehe Ihnen unter meiner Email Adresse rainer.isleb@vvis-berlin.de an\u00a024 Std. 7 Tage die Woche zur Verf\u00fcgung.<\/p><p>Pers\u00f6nlich k\u00f6nnen Sie mich von Montag bis Freitag von 9:00 &#8211; 18:00 \u00a0Uhr\u00a0unter der Rufnummer 0179 594 17 28 erreichen oder Sie senden mir einfach eine Whats- App Nachricht oder eine SMS. Ich melde mich schnellstm\u00f6glich bei Ihnen zur\u00fcck.<\/p><p>Nat\u00fcrlich stehe ich Ihnen auch rund um die Themen:<\/p><ul><li style=\"list-style-type: none;\"><ul><li>Schadensmeldungen per Mail<\/li><li>Schadensbegleitung bei Ihnen Vorort<\/li><li>Umzugsservice: Adress\u00e4nderungen und Meldung an die Versicherungsgesellschaften.<\/li><li>Anpassung der Versicherungsvertr\u00e4ge durch Meldung etwaiger Ver\u00e4nderungen.<\/li><li>Erteilung einer EvbNr.\u00a0 zur Zulassung eines KFZ<\/li><li>F\u00fcr einen Termin bei mir im B\u00fcro, oder bei Ihnen zu Hause, stehe ich Ihnen gern zur Verf\u00fcgung.<\/li><\/ul><\/li><\/ul><p>Kommunikation ist der beste Weg und das Vertrauen in eine lebensbegleitende Betreuung.<\/p>\t\t\t\t\t\t\t\t<\/div>\n\t\t\t\t<\/div>\n\t\t\t\t\t<\/div>\n\t\t<\/div>\n\t\t\t\t<div class=\"elementor-column elementor-col-25 elementor-top-column elementor-element elementor-element-a3e543e\" data-id=\"a3e543e\" data-element_type=\"column\">\n\t\t\t<div class=\"elementor-widget-wrap\">\n\t\t\t\t\t\t\t<\/div>\n\t\t<\/div>\n\t\t\t\t\t<\/div>\n\t\t<\/section>\n\t\t\t\t<section class=\"elementor-section elementor-top-section elementor-element elementor-element-80a9082 elementor-section-boxed elementor-section-height-default elementor-section-height-default\" data-id=\"80a9082\" data-element_type=\"section\">\n\t\t\t\t\t\t<div class=\"elementor-container elementor-column-gap-default\">\n\t\t\t\t\t<div class=\"elementor-column elementor-col-33 elementor-top-column elementor-element elementor-element-78063d6\" data-id=\"78063d6\" data-element_type=\"column\">\n\t\t\t<div class=\"elementor-widget-wrap\">\n\t\t\t\t\t\t\t<\/div>\n\t\t<\/div>\n\t\t\t\t<div class=\"elementor-column elementor-col-33 elementor-top-column elementor-element elementor-element-9969cf6\" data-id=\"9969cf6\" data-element_type=\"column\">\n\t\t\t<div class=\"elementor-widget-wrap\">\n\t\t\t\t\t\t\t<\/div>\n\t\t<\/div>\n\t\t\t\t<div class=\"elementor-column elementor-col-33 elementor-top-column elementor-element elementor-element-afdb47f\" data-id=\"afdb47f\" data-element_type=\"column\">\n\t\t\t<div class=\"elementor-widget-wrap\">\n\t\t\t\t\t\t\t<\/div>\n\t\t<\/div>\n\t\t\t\t\t<\/div>\n\t\t<\/section>\n\t\t\t\t<\/div>\n\t\t","protected":false},"excerpt":{"rendered":"<p>Service Sie wollen eine gute Betreuung, vielleicht auch die Beste? Ich bin bereit mein Bestes zu geben und stehe Ihnen unter meiner Email Adresse rainer.isleb@vvis-berlin.de an\u00a024 Std. 7 Tage die Woche zur Verf\u00fcgung. Pers\u00f6nlich k\u00f6nnen Sie mich von Montag bis Freitag von 9:00 &#8211; 18:00 \u00a0Uhr\u00a0unter der Rufnummer 0179 594 17 28 erreichen oder Sie [&hellip;]<\/p>\n","protected":false},"author":1,"featured_media":0,"parent":0,"menu_order":0,"comment_status":"closed","ping_status":"closed","template":"","meta":{"footnotes":""},"class_list":["post-148","page","type-page","status-publish","hentry"],"_links":{"self":[{"href":"https:\/\/vvis-berlin.de\/index.php?rest_route=\/wp\/v2\/pages\/148","targetHints":{"allow":["GET"]}}],"collection":[{"href":"https:\/\/vvis-berlin.de\/index.php?rest_route=\/wp\/v2\/pages"}],"about":[{"href":"https:\/\/vvis-berlin.de\/index.php?rest_route=\/wp\/v2\/types\/page"}],"author":[{"embeddable":true,"href":"https:\/\/vvis-berlin.de\/index.php?rest_route=\/wp\/v2\/users\/1"}],"replies":[{"embeddable":true,"href":"https:\/\/vvis-berlin.de\/index.php?rest_route=%2Fwp%2Fv2%2Fcomments&post=148"}],"version-history":[{"count":16,"href":"https:\/\/vvis-berlin.de\/index.php?rest_route=\/wp\/v2\/pages\/148\/revisions"}],"predecessor-version":[{"id":240,"href":"https:\/\/vvis-berlin.de\/index.php?rest_route=\/wp\/v2\/pages\/148\/revisions\/240"}],"wp:attachment":[{"href":"https:\/\/vvis-berlin.de\/index.php?rest_route=%2Fwp%2Fv2%2Fmedia&parent=148"}],"curies":[{"name":"wp","href":"https:\/\/api.w.org\/{rel}","templated":true}]}}