{"id":146,"date":"2019-07-11T08:50:12","date_gmt":"2019-07-11T08:50:12","guid":{"rendered":"http:\/\/vvis-berlin.de\/?page_id=146"},"modified":"2019-07-24T14:18:51","modified_gmt":"2019-07-24T14:18:51","slug":"informieren","status":"publish","type":"page","link":"https:\/\/vvis-berlin.de\/?page_id=146","title":{"rendered":"informieren"},"content":{"rendered":"\t\t<div data-elementor-type=\"wp-post\" data-elementor-id=\"146\" class=\"elementor elementor-146\">\n\t\t\t\t\t\t<section class=\"elementor-section elementor-top-section elementor-element elementor-element-b31f790 elementor-section-boxed elementor-section-height-default elementor-section-height-default\" data-id=\"b31f790\" data-element_type=\"section\">\n\t\t\t\t\t\t<div class=\"elementor-container elementor-column-gap-default\">\n\t\t\t\t\t<div class=\"elementor-column elementor-col-100 elementor-top-column elementor-element elementor-element-a9b6a8e\" data-id=\"a9b6a8e\" data-element_type=\"column\">\n\t\t\t<div class=\"elementor-widget-wrap elementor-element-populated\">\n\t\t\t\t\t\t<div class=\"elementor-element elementor-element-00219c0 elementor-widget elementor-widget-heading\" data-id=\"00219c0\" data-element_type=\"widget\" data-widget_type=\"heading.default\">\n\t\t\t\t<div class=\"elementor-widget-container\">\n\t\t\t\t\t<h2 class=\"elementor-heading-title elementor-size-default\">informieren<\/h2>\t\t\t\t<\/div>\n\t\t\t\t<\/div>\n\t\t\t\t\t<\/div>\n\t\t<\/div>\n\t\t\t\t\t<\/div>\n\t\t<\/section>\n\t\t\t\t<section class=\"elementor-section elementor-top-section elementor-element elementor-element-951f4e0 elementor-section-boxed elementor-section-height-default elementor-section-height-default\" data-id=\"951f4e0\" data-element_type=\"section\">\n\t\t\t\t\t\t<div class=\"elementor-container elementor-column-gap-default\">\n\t\t\t\t\t<div class=\"elementor-column elementor-col-25 elementor-top-column elementor-element elementor-element-3b94ac4\" data-id=\"3b94ac4\" data-element_type=\"column\">\n\t\t\t<div class=\"elementor-widget-wrap\">\n\t\t\t\t\t\t\t<\/div>\n\t\t<\/div>\n\t\t\t\t<div class=\"elementor-column elementor-col-50 elementor-top-column elementor-element elementor-element-c04f9de\" data-id=\"c04f9de\" data-element_type=\"column\">\n\t\t\t<div class=\"elementor-widget-wrap elementor-element-populated\">\n\t\t\t\t\t\t<div class=\"elementor-element elementor-element-84e66ff elementor-widget elementor-widget-text-editor\" data-id=\"84e66ff\" data-element_type=\"widget\" data-widget_type=\"text-editor.default\">\n\t\t\t\t<div class=\"elementor-widget-container\">\n\t\t\t\t\t\t\t\t\t<p>Sie wollen Informationen rund um Ihren Versicherungsschutz? Insbesondere zu den Vertr\u00e4gen, die sich in meiner Betreuung befinden? Dann z\u00f6gern Sie nicht mich zu kontaktieren (<a href=\"http:\/\/vvis-berlin.de\/?page_id=68\">Kontakt<\/a>)<\/p><p>Dar\u00fcber hinaus k\u00f6nnen Sie sich gerne mit Ihren Fragen zu bestehenden Vertr\u00e4gen anderer Versicherungsgesellschaften an mich wenden. Hierzu ben\u00f6tige ich lediglich ein Maklermandat von Ihnen.<\/p><p>Auch hier gilt, kommen Sie gern auf mich zu!<\/p><p>Bei Bedarf lassen Sie uns in einem pers\u00f6nlichen Gespr\u00e4ch, gerne auch per\u00a0<a href=\"rainer.isleb@vvis-berlin.de\">E-Mail <\/a>oder per Videokonferenz Ihre Fragen besprechen und eine gemeinsame L\u00f6sung finden.<\/p><p>Ich freue mich auf Ihre Nachrichten.<\/p>\t\t\t\t\t\t\t\t<\/div>\n\t\t\t\t<\/div>\n\t\t\t\t\t<\/div>\n\t\t<\/div>\n\t\t\t\t<div class=\"elementor-column elementor-col-25 elementor-top-column elementor-element elementor-element-e63a627\" data-id=\"e63a627\" data-element_type=\"column\">\n\t\t\t<div class=\"elementor-widget-wrap\">\n\t\t\t\t\t\t\t<\/div>\n\t\t<\/div>\n\t\t\t\t\t<\/div>\n\t\t<\/section>\n\t\t\t\t<section class=\"elementor-section elementor-top-section elementor-element elementor-element-90d8d50 elementor-section-boxed elementor-section-height-default elementor-section-height-default\" data-id=\"90d8d50\" data-element_type=\"section\">\n\t\t\t\t\t\t<div class=\"elementor-container elementor-column-gap-default\">\n\t\t\t\t\t<div class=\"elementor-column elementor-col-33 elementor-top-column elementor-element elementor-element-579125c\" data-id=\"579125c\" data-element_type=\"column\">\n\t\t\t<div class=\"elementor-widget-wrap\">\n\t\t\t\t\t\t\t<\/div>\n\t\t<\/div>\n\t\t\t\t<div class=\"elementor-column elementor-col-33 elementor-top-column elementor-element elementor-element-9b2f122\" data-id=\"9b2f122\" data-element_type=\"column\">\n\t\t\t<div class=\"elementor-widget-wrap\">\n\t\t\t\t\t\t\t<\/div>\n\t\t<\/div>\n\t\t\t\t<div class=\"elementor-column elementor-col-33 elementor-top-column elementor-element elementor-element-3534a3b\" data-id=\"3534a3b\" data-element_type=\"column\">\n\t\t\t<div class=\"elementor-widget-wrap\">\n\t\t\t\t\t\t\t<\/div>\n\t\t<\/div>\n\t\t\t\t\t<\/div>\n\t\t<\/section>\n\t\t\t\t<\/div>\n\t\t","protected":false},"excerpt":{"rendered":"<p>informieren Sie wollen Informationen rund um Ihren Versicherungsschutz? Insbesondere zu den Vertr\u00e4gen, die sich in meiner Betreuung befinden? Dann z\u00f6gern Sie nicht mich zu kontaktieren (Kontakt) Dar\u00fcber hinaus k\u00f6nnen Sie sich gerne mit Ihren Fragen zu bestehenden Vertr\u00e4gen anderer Versicherungsgesellschaften an mich wenden. Hierzu ben\u00f6tige ich lediglich ein Maklermandat von Ihnen. Auch hier gilt, kommen [&hellip;]<\/p>\n","protected":false},"author":1,"featured_media":0,"parent":0,"menu_order":0,"comment_status":"closed","ping_status":"closed","template":"","meta":{"footnotes":""},"class_list":["post-146","page","type-page","status-publish","hentry"],"_links":{"self":[{"href":"https:\/\/vvis-berlin.de\/index.php?rest_route=\/wp\/v2\/pages\/146","targetHints":{"allow":["GET"]}}],"collection":[{"href":"https:\/\/vvis-berlin.de\/index.php?rest_route=\/wp\/v2\/pages"}],"about":[{"href":"https:\/\/vvis-berlin.de\/index.php?rest_route=\/wp\/v2\/types\/page"}],"author":[{"embeddable":true,"href":"https:\/\/vvis-berlin.de\/index.php?rest_route=\/wp\/v2\/users\/1"}],"replies":[{"embeddable":true,"href":"https:\/\/vvis-berlin.de\/index.php?rest_route=%2Fwp%2Fv2%2Fcomments&post=146"}],"version-history":[{"count":13,"href":"https:\/\/vvis-berlin.de\/index.php?rest_route=\/wp\/v2\/pages\/146\/revisions"}],"predecessor-version":[{"id":230,"href":"https:\/\/vvis-berlin.de\/index.php?rest_route=\/wp\/v2\/pages\/146\/revisions\/230"}],"wp:attachment":[{"href":"https:\/\/vvis-berlin.de\/index.php?rest_route=%2Fwp%2Fv2%2Fmedia&parent=146"}],"curies":[{"name":"wp","href":"https:\/\/api.w.org\/{rel}","templated":true}]}}