{"id":144,"date":"2019-07-11T08:49:16","date_gmt":"2019-07-11T08:49:16","guid":{"rendered":"http:\/\/vvis-berlin.de\/?page_id=144"},"modified":"2019-07-24T14:38:52","modified_gmt":"2019-07-24T14:38:52","slug":"versorgen","status":"publish","type":"page","link":"https:\/\/vvis-berlin.de\/?page_id=144","title":{"rendered":"versorgen"},"content":{"rendered":"\t\t<div data-elementor-type=\"wp-post\" data-elementor-id=\"144\" class=\"elementor elementor-144\">\n\t\t\t\t\t\t<section class=\"elementor-section elementor-top-section elementor-element elementor-element-88688d4 elementor-section-boxed elementor-section-height-default elementor-section-height-default\" data-id=\"88688d4\" data-element_type=\"section\">\n\t\t\t\t\t\t<div class=\"elementor-container elementor-column-gap-default\">\n\t\t\t\t\t<div class=\"elementor-column elementor-col-100 elementor-top-column elementor-element elementor-element-7473d9a\" data-id=\"7473d9a\" data-element_type=\"column\">\n\t\t\t<div class=\"elementor-widget-wrap elementor-element-populated\">\n\t\t\t\t\t\t<div class=\"elementor-element elementor-element-82f0d8c elementor-widget elementor-widget-heading\" data-id=\"82f0d8c\" data-element_type=\"widget\" data-widget_type=\"heading.default\">\n\t\t\t\t<div class=\"elementor-widget-container\">\n\t\t\t\t\t<h2 class=\"elementor-heading-title elementor-size-default\">versorgen<\/h2>\t\t\t\t<\/div>\n\t\t\t\t<\/div>\n\t\t\t\t\t<\/div>\n\t\t<\/div>\n\t\t\t\t\t<\/div>\n\t\t<\/section>\n\t\t\t\t<section class=\"elementor-section elementor-top-section elementor-element elementor-element-37d4c8b elementor-section-boxed elementor-section-height-default elementor-section-height-default\" data-id=\"37d4c8b\" data-element_type=\"section\">\n\t\t\t\t\t\t<div class=\"elementor-container elementor-column-gap-default\">\n\t\t\t\t\t<div class=\"elementor-column elementor-col-25 elementor-top-column elementor-element elementor-element-ec20a0a\" data-id=\"ec20a0a\" data-element_type=\"column\">\n\t\t\t<div class=\"elementor-widget-wrap\">\n\t\t\t\t\t\t\t<\/div>\n\t\t<\/div>\n\t\t\t\t<div class=\"elementor-column elementor-col-50 elementor-top-column elementor-element elementor-element-4933303\" data-id=\"4933303\" data-element_type=\"column\">\n\t\t\t<div class=\"elementor-widget-wrap elementor-element-populated\">\n\t\t\t\t\t\t<div class=\"elementor-element elementor-element-3f4f03e elementor-widget elementor-widget-text-editor\" data-id=\"3f4f03e\" data-element_type=\"widget\" data-widget_type=\"text-editor.default\">\n\t\t\t\t<div class=\"elementor-widget-container\">\n\t\t\t\t\t\t\t\t\t<p>Sie wollen wissen, wen oder was Sie versorgen wollen?<\/p><p>Unter Ber\u00fccksichtigung Ihrer pers\u00f6nlichen W\u00fcnsche und Ziele k\u00f6nnen wir Ihre derzeitige Versorgungssituation unter Einbezug der gesetzlichen Lage und Ihren privaten Anspr\u00fcchen ermitteln und verbessern.<\/p><p>Gemeinsam mit Ihnen pr\u00fcfe ich den Bedarf unter Anbetracht Ihrer pers\u00f6nlichen Bed\u00fcrfnisse und finanziellen Mittel zum Thema:<\/p><ul><li>Altersvorsorge<\/li><li>Pflegeversorgung<\/li><li>Krankheitsvorsorge<\/li><li>Berufs, oder Erwerbsminderungsvorsorge<\/li><li>Hinterbliebenenvorsorge<\/li><li>\u00dcbernahme von Kosten Ihrer Rechtschutzversicherung bei Vorsorgevollmacht, Patientenverf\u00fcgung oder Testamentserstellung.<\/li><\/ul><p>Nutzen Sie die M\u00f6glichkeit der Generationsberatung zum Vor- und versorgen Ihrer Angeh\u00f6rigen<\/p>\t\t\t\t\t\t\t\t<\/div>\n\t\t\t\t<\/div>\n\t\t\t\t\t<\/div>\n\t\t<\/div>\n\t\t\t\t<div class=\"elementor-column elementor-col-25 elementor-top-column elementor-element elementor-element-d992d69\" data-id=\"d992d69\" data-element_type=\"column\">\n\t\t\t<div class=\"elementor-widget-wrap\">\n\t\t\t\t\t\t\t<\/div>\n\t\t<\/div>\n\t\t\t\t\t<\/div>\n\t\t<\/section>\n\t\t\t\t<section class=\"elementor-section elementor-top-section elementor-element elementor-element-6878bf6 elementor-section-boxed elementor-section-height-default elementor-section-height-default\" data-id=\"6878bf6\" data-element_type=\"section\">\n\t\t\t\t\t\t<div class=\"elementor-container elementor-column-gap-default\">\n\t\t\t\t\t<div class=\"elementor-column elementor-col-33 elementor-top-column elementor-element elementor-element-47de8c2\" data-id=\"47de8c2\" data-element_type=\"column\">\n\t\t\t<div class=\"elementor-widget-wrap\">\n\t\t\t\t\t\t\t<\/div>\n\t\t<\/div>\n\t\t\t\t<div class=\"elementor-column elementor-col-33 elementor-top-column elementor-element elementor-element-a87301b\" data-id=\"a87301b\" data-element_type=\"column\">\n\t\t\t<div class=\"elementor-widget-wrap\">\n\t\t\t\t\t\t\t<\/div>\n\t\t<\/div>\n\t\t\t\t<div class=\"elementor-column elementor-col-33 elementor-top-column elementor-element elementor-element-f8939a1\" data-id=\"f8939a1\" data-element_type=\"column\">\n\t\t\t<div class=\"elementor-widget-wrap\">\n\t\t\t\t\t\t\t<\/div>\n\t\t<\/div>\n\t\t\t\t\t<\/div>\n\t\t<\/section>\n\t\t\t\t<\/div>\n\t\t","protected":false},"excerpt":{"rendered":"<p>versorgen Sie wollen wissen, wen oder was Sie versorgen wollen? Unter Ber\u00fccksichtigung Ihrer pers\u00f6nlichen W\u00fcnsche und Ziele k\u00f6nnen wir Ihre derzeitige Versorgungssituation unter Einbezug der gesetzlichen Lage und Ihren privaten Anspr\u00fcchen ermitteln und verbessern. Gemeinsam mit Ihnen pr\u00fcfe ich den Bedarf unter Anbetracht Ihrer pers\u00f6nlichen Bed\u00fcrfnisse und finanziellen Mittel zum Thema: Altersvorsorge Pflegeversorgung Krankheitsvorsorge Berufs, [&hellip;]<\/p>\n","protected":false},"author":1,"featured_media":0,"parent":0,"menu_order":0,"comment_status":"closed","ping_status":"closed","template":"","meta":{"footnotes":""},"class_list":["post-144","page","type-page","status-publish","hentry"],"_links":{"self":[{"href":"https:\/\/vvis-berlin.de\/index.php?rest_route=\/wp\/v2\/pages\/144","targetHints":{"allow":["GET"]}}],"collection":[{"href":"https:\/\/vvis-berlin.de\/index.php?rest_route=\/wp\/v2\/pages"}],"about":[{"href":"https:\/\/vvis-berlin.de\/index.php?rest_route=\/wp\/v2\/types\/page"}],"author":[{"embeddable":true,"href":"https:\/\/vvis-berlin.de\/index.php?rest_route=\/wp\/v2\/users\/1"}],"replies":[{"embeddable":true,"href":"https:\/\/vvis-berlin.de\/index.php?rest_route=%2Fwp%2Fv2%2Fcomments&post=144"}],"version-history":[{"count":13,"href":"https:\/\/vvis-berlin.de\/index.php?rest_route=\/wp\/v2\/pages\/144\/revisions"}],"predecessor-version":[{"id":235,"href":"https:\/\/vvis-berlin.de\/index.php?rest_route=\/wp\/v2\/pages\/144\/revisions\/235"}],"wp:attachment":[{"href":"https:\/\/vvis-berlin.de\/index.php?rest_route=%2Fwp%2Fv2%2Fmedia&parent=144"}],"curies":[{"name":"wp","href":"https:\/\/api.w.org\/{rel}","templated":true}]}}