{"id":140,"date":"2019-07-11T08:48:01","date_gmt":"2019-07-11T08:48:01","guid":{"rendered":"http:\/\/vvis-berlin.de\/?page_id=140"},"modified":"2021-02-16T18:29:52","modified_gmt":"2021-02-16T18:29:52","slug":"versichern","status":"publish","type":"page","link":"https:\/\/vvis-berlin.de\/?page_id=140","title":{"rendered":"Versichern"},"content":{"rendered":"\t\t<div data-elementor-type=\"wp-post\" data-elementor-id=\"140\" class=\"elementor elementor-140\">\n\t\t\t\t\t\t<section class=\"elementor-section elementor-top-section elementor-element elementor-element-55326f1 elementor-section-boxed elementor-section-height-default elementor-section-height-default\" data-id=\"55326f1\" data-element_type=\"section\">\n\t\t\t\t\t\t<div class=\"elementor-container elementor-column-gap-default\">\n\t\t\t\t\t<div class=\"elementor-column elementor-col-100 elementor-top-column elementor-element elementor-element-c908394\" data-id=\"c908394\" data-element_type=\"column\">\n\t\t\t<div class=\"elementor-widget-wrap elementor-element-populated\">\n\t\t\t\t\t\t<div class=\"elementor-element elementor-element-6d987f0 elementor-widget elementor-widget-heading\" data-id=\"6d987f0\" data-element_type=\"widget\" data-widget_type=\"heading.default\">\n\t\t\t\t<div class=\"elementor-widget-container\">\n\t\t\t\t\t<h2 class=\"elementor-heading-title elementor-size-default\">Versichern<\/h2>\t\t\t\t<\/div>\n\t\t\t\t<\/div>\n\t\t\t\t\t<\/div>\n\t\t<\/div>\n\t\t\t\t\t<\/div>\n\t\t<\/section>\n\t\t\t\t<section class=\"elementor-section elementor-top-section elementor-element elementor-element-4baae2c elementor-section-boxed elementor-section-height-default elementor-section-height-default\" data-id=\"4baae2c\" data-element_type=\"section\">\n\t\t\t\t\t\t<div class=\"elementor-container elementor-column-gap-default\">\n\t\t\t\t\t<div class=\"elementor-column elementor-col-25 elementor-top-column elementor-element elementor-element-107ae57\" data-id=\"107ae57\" data-element_type=\"column\">\n\t\t\t<div class=\"elementor-widget-wrap\">\n\t\t\t\t\t\t\t<\/div>\n\t\t<\/div>\n\t\t\t\t<div class=\"elementor-column elementor-col-50 elementor-top-column elementor-element elementor-element-58b4d4e\" data-id=\"58b4d4e\" data-element_type=\"column\">\n\t\t\t<div class=\"elementor-widget-wrap elementor-element-populated\">\n\t\t\t\t\t\t<div class=\"elementor-element elementor-element-037d023 elementor-widget elementor-widget-text-editor\" data-id=\"037d023\" data-element_type=\"widget\" data-widget_type=\"text-editor.default\">\n\t\t\t\t<div class=\"elementor-widget-container\">\n\t\t\t\t\t\t\t\t\t<p>Versichern K\u00f6nnen Sie fast alles!<\/p><p>In einem pers\u00f6nlichen Gespr\u00e4ch k\u00f6nnen wir gemeinsam ermitteln, welchen Versicherungsschutz Sie ben\u00f6tigen. Dabei entscheiden Sie am Ende, welchen Versicherungsschutz Sie in Betracht ziehen. Mit einer auf Sie abgestimmten Finanzanalyse oder einem Versicherungs-Check Ihres aktuellen Versicherungsschutzes bin ich Ihnen gerne behilflich.<\/p><p>Lassen Sie einmal Ihre Vertr\u00e4ge \u00fcberpr\u00fcfen.<\/p><p>Sie werden feststellen, dass h\u00e4ufig Leistungsverbesserungen und gleichzeitig geringere Beitr\u00e4ge m\u00f6glich sind.<\/p><ul><li>\u00a0 \u00a0KFZ Versicherung<strong> <a href=\"https:\/\/www.vhv.de\/lp\/pkw-kampagnenseite?iVMNr=162988-000\" target=\"_blank\" rel=\"noopener\">VHV<\/a><\/strong><\/li><li>\u00a0 \u00a0Hausratversicherung <a href=\"https:\/\/www.vhv.de\/lp\/hausrat-kampagnenseite?iVMNr=162988-000\" target=\"_blank\" rel=\"noopener\"><strong>VHV<\/strong><\/a><\/li><li>\u00a0 \u00a0Haftpflichtversicherung <a href=\"https:\/\/www.vhv.de\/lp\/phv-kampagnenseite?iVMNr=162988-000\" target=\"_blank\" rel=\"noopener\"><strong>VHV<\/strong><\/a><\/li><li>\u00a0 \u00a0Unfallversicherung <a href=\"https:\/\/www.vhv.de\/lp\/unfall-kampagnenseite?iVMNr=162988-000\" target=\"_blank\" rel=\"noopener\"><strong>VHV<\/strong><\/a><\/li><li>\u00a0 \u00a0Krankenversicherung \/ Zahnvorsorge <a href=\"https:\/\/onlineabschluss.universa.de\/zahnzusatz?kk=XH5yYzQ4NzsYLipUa2VCMCwpOkIqFw%3d%3d\" target=\"_blank\" rel=\"noopener\"><strong>Universa<\/strong><\/a>\u00a0 \u00a0<\/li><li>\u00a0 \u00a0Auslandsreiseschutz <a href=\"https:\/\/secure.hmrv.de\/rvw-ba\/initBa.jsp?baid=116&amp;fTypId=0&amp;adnr=4320628&amp;locale=de_DE\" target=\"_blank\" rel=\"noopener\"><strong>HanseMerkur<\/strong><\/a>\u00a0<\/li><li>\u00a0 \u00a0Gesetzliche Krankenversicherung \u00a0<strong><a href=\"https:\/\/secure.hek.de\/direktabschluss\/?gp_nr=7001623725\" target=\"_blank\" rel=\"noopener\">HEK<\/a><\/strong><\/li><li>\u00a0 \u00a0Rechtsschutzversicherung<\/li><li>\u00a0 \u00a0Lebens- und Rentenversicherungen<\/li><li>\u00a0 Berufsunf\u00e4higkeitsversicherungen<\/li><li>\u00a0 Betriebsversicherungen<\/li><\/ul>\t\t\t\t\t\t\t\t<\/div>\n\t\t\t\t<\/div>\n\t\t\t\t\t<\/div>\n\t\t<\/div>\n\t\t\t\t<div class=\"elementor-column elementor-col-25 elementor-top-column elementor-element elementor-element-5204f83\" data-id=\"5204f83\" data-element_type=\"column\">\n\t\t\t<div class=\"elementor-widget-wrap\">\n\t\t\t\t\t\t\t<\/div>\n\t\t<\/div>\n\t\t\t\t\t<\/div>\n\t\t<\/section>\n\t\t\t\t<section class=\"elementor-section elementor-top-section elementor-element elementor-element-6191321 elementor-section-boxed elementor-section-height-default elementor-section-height-default\" data-id=\"6191321\" data-element_type=\"section\">\n\t\t\t\t\t\t<div class=\"elementor-container elementor-column-gap-default\">\n\t\t\t\t\t<div class=\"elementor-column elementor-col-33 elementor-top-column elementor-element elementor-element-b53e588\" data-id=\"b53e588\" data-element_type=\"column\">\n\t\t\t<div class=\"elementor-widget-wrap\">\n\t\t\t\t\t\t\t<\/div>\n\t\t<\/div>\n\t\t\t\t<div class=\"elementor-column elementor-col-33 elementor-top-column elementor-element elementor-element-aeb27bd\" data-id=\"aeb27bd\" data-element_type=\"column\">\n\t\t\t<div class=\"elementor-widget-wrap\">\n\t\t\t\t\t\t\t<\/div>\n\t\t<\/div>\n\t\t\t\t<div class=\"elementor-column elementor-col-33 elementor-top-column elementor-element elementor-element-71e8edc\" data-id=\"71e8edc\" data-element_type=\"column\">\n\t\t\t<div class=\"elementor-widget-wrap\">\n\t\t\t\t\t\t\t<\/div>\n\t\t<\/div>\n\t\t\t\t\t<\/div>\n\t\t<\/section>\n\t\t\t\t<\/div>\n\t\t","protected":false},"excerpt":{"rendered":"<p>Versichern Versichern K\u00f6nnen Sie fast alles! In einem pers\u00f6nlichen Gespr\u00e4ch k\u00f6nnen wir gemeinsam ermitteln, welchen Versicherungsschutz Sie ben\u00f6tigen. Dabei entscheiden Sie am Ende, welchen Versicherungsschutz Sie in Betracht ziehen. Mit einer auf Sie abgestimmten Finanzanalyse oder einem Versicherungs-Check Ihres aktuellen Versicherungsschutzes bin ich Ihnen gerne behilflich. Lassen Sie einmal Ihre Vertr\u00e4ge \u00fcberpr\u00fcfen. Sie werden feststellen, [&hellip;]<\/p>\n","protected":false},"author":1,"featured_media":0,"parent":0,"menu_order":0,"comment_status":"closed","ping_status":"closed","template":"","meta":{"footnotes":""},"class_list":["post-140","page","type-page","status-publish","hentry"],"_links":{"self":[{"href":"https:\/\/vvis-berlin.de\/index.php?rest_route=\/wp\/v2\/pages\/140","targetHints":{"allow":["GET"]}}],"collection":[{"href":"https:\/\/vvis-berlin.de\/index.php?rest_route=\/wp\/v2\/pages"}],"about":[{"href":"https:\/\/vvis-berlin.de\/index.php?rest_route=\/wp\/v2\/types\/page"}],"author":[{"embeddable":true,"href":"https:\/\/vvis-berlin.de\/index.php?rest_route=\/wp\/v2\/users\/1"}],"replies":[{"embeddable":true,"href":"https:\/\/vvis-berlin.de\/index.php?rest_route=%2Fwp%2Fv2%2Fcomments&post=140"}],"version-history":[{"count":33,"href":"https:\/\/vvis-berlin.de\/index.php?rest_route=\/wp\/v2\/pages\/140\/revisions"}],"predecessor-version":[{"id":270,"href":"https:\/\/vvis-berlin.de\/index.php?rest_route=\/wp\/v2\/pages\/140\/revisions\/270"}],"wp:attachment":[{"href":"https:\/\/vvis-berlin.de\/index.php?rest_route=%2Fwp%2Fv2%2Fmedia&parent=140"}],"curies":[{"name":"wp","href":"https:\/\/api.w.org\/{rel}","templated":true}]}}